{"id":1288,"date":"2023-11-07T21:51:44","date_gmt":"2023-11-08T00:51:44","guid":{"rendered":"https:\/\/rioexx.com.br\/noticias\/?page_id=1288"},"modified":"2023-11-30T19:38:36","modified_gmt":"2023-11-30T22:38:36","slug":"sitemap","status":"publish","type":"page","link":"https:\/\/rioexx.com.br\/noticias\/sitemap\/","title":{"rendered":"Sitemap"},"content":{"rendered":"<h2>Sitemap<\/h2>\n<p>&nbsp;<\/p>\n<div class=\"wrap-html-sitemap sp-html-sitemap\"><div class=\"sp-wrap-cpt\"><h2 class=\"sp-cpt-name\">P\u00e1ginas<\/h2><ul class=\"sp-list-posts sp-cpt-hierarchical\"><li class=\"page_item page-item-1288\"><a href=\"https:\/\/rioexx.com.br\/noticias\/sitemap\/\">Sitemap<\/a><\/li><li class=\"page_item page-item-3\"><a href=\"https:\/\/rioexx.com.br\/noticias\/politica-de-privacidade\/\">Pol\u00edtica de privacidade<\/a><\/li><li class=\"page_item page-item-59 current_page_parent\"><a href=\"https:\/\/rioexx.com.br\/noticias\/blog\/\">Blog<\/a><\/li><li class=\"page_item page-item-370\"><a href=\"https:\/\/rioexx.com.br\/noticias\/\">Noticias RioExxperience<\/a><\/li><\/ul><\/div><div class=\"sp-wrap-cpt\"><h2 class=\"sp-cpt-name\">Posts<\/h2><div class=\"sp-wrap-cats\"><div class=\"sp-wrap-cat\"><h3 class=\"sp-cat-name\"><a href=\"https:\/\/rioexx.com.br\/noticias\/category\/carnaval\/\">Carnaval<\/a><\/h3><ul class=\"sp-list-posts\"><li><a href=\"https:\/\/rioexx.com.br\/noticias\/vila-isabel-a-letra-do-samba-enredo\/\">Vila Isabel: a letra do samba-enredo<\/a> - 22 janeiro 2024<\/li><li><a href=\"https:\/\/rioexx.com.br\/noticias\/imperatriz-leopoldinense-a-letra-do-samba-enredo\/\">Imperatriz Leopoldinense: a letra do samba-enredo<\/a> - 22 janeiro 2024<\/li><li><a href=\"https:\/\/rioexx.com.br\/noticias\/camarotes-tem-atracoes-para-todos-os-gostos-e-bolsos\/\">Camarotes tem atra\u00e7\u00f5es para todos os gostos e bolsos<\/a> - 22 janeiro 2024<\/li><li><a href=\"https:\/\/rioexx.com.br\/noticias\/alcione-sera-atracao-em-camarote-na-sapucai-rio-exxperience\/\">Alcione ser\u00e1 atra\u00e7\u00e3o em camarote na Sapuca\u00ed Rio Exxperience<\/a> - 9 janeiro 2024<\/li><li><a href=\"https:\/\/rioexx.com.br\/noticias\/unidos-da-tijuca-leva-portugal-para-a-sapucai\/\">Enredo e Samba: Unidos da Tijuca leva Portugal para a Sapuca\u00ed<\/a> - 4 janeiro 2024<\/li><li><a href=\"https:\/\/rioexx.com.br\/noticias\/rio-carnaval-2024\/\">Lideran\u00e7as do Carnaval acertam detalhes dos ensaios t\u00e9cnicos para 2024<\/a> - 29 dezembro 2023<\/li><li><a href=\"https:\/\/rioexx.com.br\/noticias\/samba-enredo-unidos-da-tijuca-2024\/\">Unidos da Tijuca: a letra do samba-enredo escolhido para o carnaval 2024<\/a> - 26 dezembro 2023<\/li><li><a href=\"https:\/\/rioexx.com.br\/noticias\/grande-rio-samba-enredo-2024\/\">Grande Rio: a letra do samba-enredo escolhido para carnaval 2024<\/a> - 26 dezembro 2023<\/li><li><a href=\"https:\/\/rioexx.com.br\/noticias\/carnaval-2024-samba-da-imperatriz-lidera\/\">Carnaval 2024: Samba da Imperatriz lidera parada de m\u00fasicas virais no RJ<\/a> - 21 dezembro 2023<\/li><li><a href=\"https:\/\/rioexx.com.br\/noticias\/divulgada-lista-de-jurados-dos-desfiles-do-grupo-especial-do-rio-de-janeiro\/\">Divulgada Lista de Jurados dos Desfiles do Grupo Especial do Rio de Janeiro<\/a> - 14 dezembro 2023<\/li><li><a href=\"https:\/\/rioexx.com.br\/noticias\/salgueiro-a-letra-do-samba-enredo\/\">SALGUEIRO: a letra do samba-enredo escolhido para o carnaval 2024<\/a> - 4 dezembro 2023<\/li><li><a href=\"https:\/\/rioexx.com.br\/noticias\/beija-flor-a-letra-do-samba-enredo\/\">Beija-flor: a letra do samba-enredo escolhido para o carnaval 2024<\/a> - 4 dezembro 2023<\/li><li><a href=\"https:\/\/rioexx.com.br\/noticias\/porto-da-pedra-a-letra-do-samba-enredo\/\">Porto da Pedra: a letra do samba-enredo escolhido para o carnaval 2024<\/a> - 4 dezembro 2023<\/li><li><a href=\"https:\/\/rioexx.com.br\/noticias\/sambas-enredo-do-rio-carnaval-2024\/\">Sambas-enredo do Rio Carnaval 2024<\/a> - 4 dezembro 2023<\/li><li><a href=\"https:\/\/rioexx.com.br\/noticias\/beija-flor-define-samba-enredo-para-o-carnaval-2024\/\">Beija-Flor define samba-enredo para o Carnaval 2024<\/a> - 1 dezembro 2023<\/li><li><a href=\"https:\/\/rioexx.com.br\/noticias\/expo-carnaval-brazil-2023\/\">Saiba tudo o que rolou na &#8216;Expo Carnaval Brazil 2023&#8217;<\/a> - 1 dezembro 2023<\/li><li><a href=\"https:\/\/rioexx.com.br\/noticias\/acessibilidade-rioexxperience-2024\/\">Acessibilidade RioExxperience 2024<\/a> - 8 novembro 2023<\/li><li><a href=\"https:\/\/rioexx.com.br\/noticias\/acoes-de-sustentabilidade\/\">A\u00e7\u00f5es de sustentabilidade<\/a> - 8 novembro 2023<\/li><\/ul><\/div><div class=\"sp-wrap-cat\"><h3 class=\"sp-cat-name\"><a href=\"https:\/\/rioexx.com.br\/noticias\/category\/noticias\/\">Not\u00edcias<\/a><\/h3><ul class=\"sp-list-posts\"><li><a href=\"https:\/\/rioexx.com.br\/noticias\/a-barizon-entretenimento-em-parceria-com-a-engie-e-ibioma\/\">A BarizON Entretenimento em parceria com a ENGIE e IBIOMA<\/a> - 4 mar\u00e7o 2024<\/li><li><a href=\"https:\/\/rioexx.com.br\/noticias\/embratur-promove-press-trip-com-jornalistas-do-reino-unido\/\">Embratur promove press trip com jornalistas do Reino Unido durante o carnaval<\/a> - 26 fevereiro 2024<\/li><li><a href=\"https:\/\/rioexx.com.br\/noticias\/brasil-recebe-228-mil-turistas-internacionais-no-carnaval\/\">Brasil recebe 228 mil turistas internacionais no Carnaval<\/a> - 26 fevereiro 2024<\/li><li><a href=\"https:\/\/rioexx.com.br\/noticias\/rio-espera-quase-800-mil-turistas-no-carnaval\/\">Rio espera quase 800 mil turistas no Carnaval<\/a> - 30 janeiro 2024<\/li><li><a href=\"https:\/\/rioexx.com.br\/noticias\/carnaval-2024-de-anitta-e-alcione-a-timbalada\/\">Carnaval 2024: de Anitta e Alcione a Timbalada, RioExxperience<\/a> - 22 janeiro 2024<\/li><li><a href=\"https:\/\/rioexx.com.br\/noticias\/alcione-a-cor-e-a-voz-do-brasil\/\">Alcione a cor e a voz do Brasil<\/a> - 7 janeiro 2024<\/li><li><a href=\"https:\/\/rioexx.com.br\/noticias\/mocidade-ultrapassa-funk-e-atinge-top-1-do-spotify\/\">Mocidade ultrapassa funk e atinge Top 1 do Spotify<\/a> - 4 janeiro 2024<\/li><li><a href=\"https:\/\/rioexx.com.br\/noticias\/alcione-enredo-da-mangueira\/\">Alcione enredo da Mangueira<\/a> - 4 janeiro 2024<\/li><li><a href=\"https:\/\/rioexx.com.br\/noticias\/vai-ao-sambodromo-mapa-completo\/\">Vai ao Samb\u00f3dromo? Conhe\u00e7a mapa completo<\/a> - 4 janeiro 2024<\/li><li><a href=\"https:\/\/rioexx.com.br\/noticias\/rio-de-janeiro-no-google-2023\/\">Rio de Janeiro foi o destino tur\u00edstico mais buscados no Google 2023<\/a> - 27 dezembro 2023<\/li><li><a href=\"https:\/\/rioexx.com.br\/noticias\/sambas-enredo-2024-com-refrao-irresistivel-e-bom-humor\/\">&#8216;Sambas-enredo 2024&#8217;: Com refr\u00e3o irresist\u00edvel e bom humor<\/a> - 12 dezembro 2023<\/li><li><a href=\"https:\/\/rioexx.com.br\/noticias\/exposicao-laroye-grande-rio\/\">Exposi\u00e7\u00e3o \u201cLaroy\u00ea, Grande Rio\u201d<\/a> - 12 dezembro 2023<\/li><li><a href=\"https:\/\/rioexx.com.br\/noticias\/exposicao-corpo-popular-em-composicao-na-central-do-brasil\/\">Exposi\u00e7\u00e3o \u201cCorpo popular\u201d em composi\u00e7\u00e3o na Central do Brasil<\/a> - 8 dezembro 2023<\/li><li><a href=\"https:\/\/rioexx.com.br\/noticias\/chico-buarque-verao-da-mangueira\/\">Chico Buarque Ver\u00e3o da Mangueira<\/a> - 8 dezembro 2023<\/li><li><a href=\"https:\/\/rioexx.com.br\/noticias\/marrom-imortal-alcione\/\">Marrom Imortal &#8211; Alcione<\/a> - 16 novembro 2023<\/li><li><a href=\"https:\/\/rioexx.com.br\/noticias\/livro-onde-o-rio-comeca\/\">Livro Onde o Rio come\u00e7a<\/a> - 16 novembro 2023<\/li><li><a href=\"https:\/\/rioexx.com.br\/noticias\/alcione-50-anos\/\">ALCIONE 50 ANOS<\/a> - 27 outubro 2023<\/li><li><a href=\"https:\/\/rioexx.com.br\/noticias\/paulinho-da-viola-e-maria-rita\/\">Paulinho da Viola \u00e9 homenageado por Maria Rita<\/a> - 26 fevereiro 2023<\/li><li><a href=\"https:\/\/rioexx.com.br\/noticias\/camisetas-do-camarote-rio-exxperience\/\">Duas linhas e meia customiza\u00e7\u00e3o das camisetas do camarote Rio Exxperience<\/a> - 31 janeiro 2023<\/li><li><a href=\"https:\/\/rioexx.com.br\/noticias\/tem-batuque-na-cozinha\/\">Tem Batuque na Cozinha<\/a> - 30 janeiro 2023<\/li><li><a href=\"https:\/\/rioexx.com.br\/noticias\/paulinho-da-viola-rioexxperience\/\">Paulinho da Viola ser\u00e1 homenageado em camarote do Carnaval do Rio<\/a> - 25 janeiro 2023<\/li><\/ul><\/div><div class=\"sp-wrap-cat\"><h3 class=\"sp-cat-name\"><a href=\"https:\/\/rioexx.com.br\/noticias\/category\/turismo\/\">Turismo<\/a><\/h3><ul class=\"sp-list-posts\"><li><a href=\"https:\/\/rioexx.com.br\/noticias\/riotur-divulga-numeros-do-carnaval-rio-2024\/\">Riotur divulga n\u00fameros do Carnaval Rio 2024<\/a> - 4 mar\u00e7o 2024<\/li><li><a href=\"https:\/\/rioexx.com.br\/noticias\/parceria-embratur-e-barizon-entretenimento-no-rioexxperience\/\">Parceria Embratur e BarizON Entretenimento no RioExxperience<\/a> - 4 mar\u00e7o 2024<\/li><li><a href=\"https:\/\/rioexx.com.br\/noticias\/brasil-e-eleito-o-melhor-pais-de-destinos-do-mundo\/\">Brasil \u00e9 eleito o melhor pa\u00eds de destinos do mundo<\/a> - 14 dezembro 2023<\/li><li><a href=\"https:\/\/rioexx.com.br\/noticias\/rio-fatura-mais-uma-vez-o-titulo\/\">Rio fatura mais uma vez o t\u00edtulo<\/a> - 18 novembro 2023<\/li><li><a href=\"https:\/\/rioexx.com.br\/noticias\/embratur-jornalistas-franceses-carnaval-rj\/\">Embratur traz jornalistas franceses para cobrir Carnaval do RJ<\/a> - 8 novembro 2023<\/li><li><a href=\"https:\/\/rioexx.com.br\/noticias\/camarote-do-sambodromo\/\">Sapuca\u00ed: quanto custa acompanhar o Carnaval em um camarote do samb\u00f3dromo?<\/a> - 13 fevereiro 2023<\/li><li><a href=\"https:\/\/rioexx.com.br\/noticias\/carnaval-no-rio\/\">Carnaval no Rio: Camarotes na Sapuca\u00ed 2023<\/a> - 25 janeiro 2023<\/li><\/ul><\/div><div class=\"sp-wrap-cat\"><h3 class=\"sp-cat-name\"><a href=\"https:\/\/rioexx.com.br\/noticias\/category\/videos\/\">V\u00eddeos<\/a><\/h3><ul class=\"sp-list-posts\"><li><a href=\"https:\/\/rioexx.com.br\/noticias\/camarote-rioexxperience-2024\/\">Camarote RioExxperience 2024<\/a> - 14 mar\u00e7o 2024<\/li><li><a href=\"https:\/\/rioexx.com.br\/noticias\/ellus-e-rioexxperience-carnaval-2024\/\">Ellus e RioExxperience carnaval 2024<\/a> - 20 fevereiro 2024<\/li><li><a href=\"https:\/\/rioexx.com.br\/noticias\/rioexxperience-shoppingleblon-a-elegancia-e-o-estilo-carioca\/\">RioExxperience ShoppingLeblon a eleg\u00e2ncia e o estilo carioca<\/a> - 20 fevereiro 2024<\/li><li><a href=\"https:\/\/rioexx.com.br\/noticias\/luedji-luna-ontem-foi-um-dos-dia-mais-emocionantes-da-minha-vida\/\">Luedji Luna ontem foi um dos dia mais emocionantes da minha vida<\/a> - 20 fevereiro 2024<\/li><li><a href=\"https:\/\/rioexx.com.br\/noticias\/cordao-do-bola-preta-e-alcione\/\">Cord\u00e3o do Bola Preta e Alcione<\/a> - 20 fevereiro 2024<\/li><li><a href=\"https:\/\/rioexx.com.br\/noticias\/a-comunidade-chandon-celebrou-a-magia-do-carnaval\/\">A comunidade Chandon celebrou a magia do carnaval<\/a> - 20 fevereiro 2024<\/li><li><a href=\"https:\/\/rioexx.com.br\/noticias\/majur-e-alcione-carnaval-2024\/\">Majur e Alcione Carnaval 2024<\/a> - 20 fevereiro 2024<\/li><li><a href=\"https:\/\/rioexx.com.br\/noticias\/meu-negocio-e-diversao-entrevista-barizon-camarote-rio-exxperience\/\">Meu neg\u00f3cio \u00e9 divers\u00e3o entrevista Barizon &#8211; Camarote Rio Exxperience<\/a> - 5 fevereiro 2024<\/li><li><a href=\"https:\/\/rioexx.com.br\/noticias\/barizon-entretenimento-camarote-carbono-neutro\/\">BarizON Entretenimento Camarote Carbono Neutro<\/a> - 30 janeiro 2024<\/li><li><a href=\"https:\/\/rioexx.com.br\/noticias\/alcione-enredo-mangueira\/\">RioExxperience 2024, Alcione enredo Mangueira<\/a> - 30 janeiro 2024<\/li><li><a href=\"https:\/\/rioexx.com.br\/noticias\/uma-constelacao-de-cantoras\/\">Uma constela\u00e7\u00e3o de cantoras<\/a> - 4 dezembro 2023<\/li><li><a href=\"https:\/\/rioexx.com.br\/noticias\/21-de-novembro-alcione-marrom\/\">21 de Novembro @alcioneamarrom<\/a> - 21 novembro 2023<\/li><li><a href=\"https:\/\/rioexx.com.br\/noticias\/chef-de-cozinha-heaven-delhaye\/\">Chef de cozinha Heaven Delhaye<\/a> - 21 novembro 2023<\/li><li><a href=\"https:\/\/rioexx.com.br\/noticias\/camarote-sapucai-rioexxperience-2024\/\">Camarote mais exclusivo da Sapuca\u00ed RioExxperience 2024<\/a> - 14 novembro 2023<\/li><li><a href=\"https:\/\/rioexx.com.br\/noticias\/shopping-leblon-e-rioexxperience\/\">Parceria de sucesso Shopping Leblon e RioExxperience<\/a> - 27 outubro 2023<\/li><li><a href=\"https:\/\/rioexx.com.br\/noticias\/espacos-camarote-rioexxperience\/\">Espa\u00e7os &#8211; Camarote RioExxperience<\/a> - 16 junho 2023<\/li><li><a href=\"https:\/\/rioexx.com.br\/noticias\/artistico-camarote-rioexxperience-2023\/\">Art\u00edstico &#8211; Camarote RioExxperience 2023<\/a> - 16 mar\u00e7o 2023<\/li><li><a href=\"https:\/\/rioexx.com.br\/noticias\/rioexxperience-2023-viva-a-exxperiencia\/\">RIOEXXPERIENCE 2023 Viva a Exxperi\u00eancia!<\/a> - 15 mar\u00e7o 2023<\/li><li><a href=\"https:\/\/rioexx.com.br\/noticias\/camarote-rioexxperience-2023\/\">CAMAROTE RIOEXXPERIENCE 2023<\/a> - 9 mar\u00e7o 2023<\/li><li><a href=\"https:\/\/rioexx.com.br\/noticias\/leblonexxperience-carnaval-2022\/\">Shopping Leblon | LEBLONEXXPERIENCE Carnaval 2022<\/a> - 29 setembro 2022<\/li><li><a href=\"https:\/\/rioexx.com.br\/noticias\/alcione-50-anos-de-carreira\/\">AFTERMOVIE CAMAROTE RIOEXXPERIENCE 2022 &#8211; ALCIONE 50 ANOS DE CARREIRA<\/a> - 15 agosto 2022<\/li><li><a href=\"https:\/\/rioexx.com.br\/noticias\/uma-nova-exxperiencia-carnaval2020\/\">UMANOVAEXXPERI\u00caNCIA Carnaval2020 RIOEXXPERIENCE<\/a> - 9 setembro 2020<\/li><li><a href=\"https:\/\/rioexx.com.br\/noticias\/cerveja-therezopolis-apresenta-baile-do-arlequim\/\">CERVEJA THEREZ\u00d3POLIS apresenta BAILE DO ARLEQUIM<\/a> - 9 setembro 2020<\/li><li><a href=\"https:\/\/rioexx.com.br\/noticias\/viva-essa-exxperiencia-magnifica-nello-cassese\/\">&#8220;VIVA ESSA EXXPERI\u00caNCIA MAGN\u00cdFICA!&#8221; Nello Cassese<\/a> - 9 setembro 2020<\/li><li><a href=\"https:\/\/rioexx.com.br\/noticias\/elza-soares-rioexxperience\/\">ELZA SOARES, RIOEXXPERIENCE \u00e9 lugar de fala, representatividade e da mulher<\/a> - 1 julho 2020<\/li><li><a href=\"https:\/\/rioexx.com.br\/noticias\/copacabana-palace-copaexxperience\/\">Belmond Copacabana Palace COPAEXXPERIENCE Carnaval 2020<\/a> - 1 julho 2020<\/li><li><a href=\"https:\/\/rioexx.com.br\/noticias\/shopping-leblon-leblonexxperience-carnaval-2020\/\">Shopping Leblon LEBLONEXXPERIENCE Carnaval 2020<\/a> - 1 julho 2020<\/li><li><a href=\"https:\/\/rioexx.com.br\/noticias\/rioexxperience-e-arte-almacen-thebaldi-galeria\/\">RIOEXXPERIENCE \u00c9 ARTE! Almac\u00e9n Thebaldi Galeria<\/a> - 30 junho 2020<\/li><li><a href=\"https:\/\/rioexx.com.br\/noticias\/rioexxperience-carnaval-sustentavel\/\">RIOEXXPERIENCE Carnaval Sustent\u00e1vel<\/a> - 30 junho 2020<\/li><li><a href=\"https:\/\/rioexx.com.br\/noticias\/aftermovie-camarote-rioexxperience-2020\/\">Aftermovie Camarote RIOEXXPERIENCE 2020<\/a> - 30 junho 2020<\/li><li><a href=\"https:\/\/rioexx.com.br\/noticias\/aftermovie-camarote-rioexxperience-2019\/\">AFTERMOVIE Camarote RIOEXXPERIENCE 2019<\/a> - 29 junho 2020<\/li><li><a href=\"https:\/\/rioexx.com.br\/noticias\/aftermovie-camarote-rioexxperience-2018\/\">Aftermovie Camarote RIOEXXPERIENCE 2018<\/a> - 17 janeiro 2019<\/li><li><a href=\"https:\/\/rioexx.com.br\/noticias\/aftermovie-camarote-rioexxperience-2017\/\">Aftermovie Camarote RIOEXXPERIENCE 2017<\/a> - 29 setembro 2017<\/li><\/ul><\/div><\/div><\/div><\/div>\n","protected":false},"excerpt":{"rendered":"<p>Sitemap &nbsp;<\/p>\n","protected":false},"author":1,"featured_media":0,"parent":0,"menu_order":0,"comment_status":"closed","ping_status":"open","template":"","meta":{"_seopress_robots_primary_cat":"","_seopress_titles_title":"","_seopress_titles_desc":"","_seopress_robots_index":"","footnotes":""},"_links":{"self":[{"href":"https:\/\/rioexx.com.br\/noticias\/wp-json\/wp\/v2\/pages\/1288"}],"collection":[{"href":"https:\/\/rioexx.com.br\/noticias\/wp-json\/wp\/v2\/pages"}],"about":[{"href":"https:\/\/rioexx.com.br\/noticias\/wp-json\/wp\/v2\/types\/page"}],"author":[{"embeddable":true,"href":"https:\/\/rioexx.com.br\/noticias\/wp-json\/wp\/v2\/users\/1"}],"replies":[{"embeddable":true,"href":"https:\/\/rioexx.com.br\/noticias\/wp-json\/wp\/v2\/comments?post=1288"}],"version-history":[{"count":6,"href":"https:\/\/rioexx.com.br\/noticias\/wp-json\/wp\/v2\/pages\/1288\/revisions"}],"predecessor-version":[{"id":1418,"href":"https:\/\/rioexx.com.br\/noticias\/wp-json\/wp\/v2\/pages\/1288\/revisions\/1418"}],"wp:attachment":[{"href":"https:\/\/rioexx.com.br\/noticias\/wp-json\/wp\/v2\/media?parent=1288"}],"curies":[{"name":"wp","href":"https:\/\/api.w.org\/{rel}","templated":true}]}}